{"id":115,"date":"2026-02-25T22:00:01","date_gmt":"2026-02-25T21:00:01","guid":{"rendered":"https:\/\/masterkom.eu\/?page_id=115"},"modified":"2026-02-25T22:34:11","modified_gmt":"2026-02-25T21:34:11","slug":"narzedzia","status":"publish","type":"page","link":"https:\/\/masterkom.eu\/?page_id=115","title":{"rendered":"Narz\u0119dzia"},"content":{"rendered":"\t\t<div data-elementor-type=\"wp-page\" data-elementor-id=\"115\" class=\"elementor elementor-115\" data-elementor-post-type=\"page\">\n\t\t\t\t<div class=\"elementor-element elementor-element-fb436e1 e-flex e-con-boxed e-con e-parent\" data-id=\"fb436e1\" data-element_type=\"container\" data-e-type=\"container\" data-settings=\"{&quot;background_background&quot;:&quot;classic&quot;}\">\n\t\t\t\t\t<div class=\"e-con-inner\">\n\t\t<div class=\"elementor-element elementor-element-3d7c0fb e-con-full e-flex e-con e-child\" data-id=\"3d7c0fb\" data-element_type=\"container\" data-e-type=\"container\">\n\t\t\t\t<div class=\"elementor-element elementor-element-ec72625 elementor-widget elementor-widget-heading\" data-id=\"ec72625\" data-element_type=\"widget\" data-e-type=\"widget\" data-widget_type=\"heading.default\">\n\t\t\t\t\t<h5 class=\"elementor-heading-title elementor-size-default\">Witaj w \u015bwiecie IT<\/h5>\t\t\t\t<\/div>\n\t\t\t\t<div class=\"elementor-element elementor-element-ffc6325 elementor-widget elementor-widget-heading\" data-id=\"ffc6325\" data-element_type=\"widget\" data-e-type=\"widget\" data-widget_type=\"heading.default\">\n\t\t\t\t\t<h2 class=\"elementor-heading-title elementor-size-default\">Nowoczesne rozwi\u0105zania dla Ciebie<\/h2>\t\t\t\t<\/div>\n\t\t\t\t<div class=\"elementor-element elementor-element-ad88737 elementor-widget elementor-widget-text-editor\" data-id=\"ad88737\" data-element_type=\"widget\" data-e-type=\"widget\" data-widget_type=\"text-editor.default\">\n\t\t\t\t\t\t\t\t\t<p>Oferujemy wsparcie w zakresie IT, kt\u00f3re u\u0142atwi Ci codzienne wyzwania. Nasze dostosowane rozwi\u0105zania technologiczne pomog\u0105 Ci oszcz\u0119dzi\u0107 czas i zwi\u0119kszy\u0107 efektywno\u015b\u0107. Zaufaj naszym specjalistom i odkryj, jak mo\u017cemy wspiera\u0107 Tw\u00f3j rozw\u00f3j!<\/p>\t\t\t\t\t\t\t\t<\/div>\n\t\t<div class=\"elementor-element elementor-element-0e4730b e-flex e-con-boxed e-con e-child\" data-id=\"0e4730b\" data-element_type=\"container\" data-e-type=\"container\">\n\t\t\t\t\t<div class=\"e-con-inner\">\n\t\t\t\t<div class=\"elementor-element elementor-element-b4b18e2 elementor-widget__width-auto elementor-align-right elementor-widget elementor-widget-button\" data-id=\"b4b18e2\" data-element_type=\"widget\" data-e-type=\"widget\" data-widget_type=\"button.default\">\n\t\t\t\t\t\t\t\t\t\t<a class=\"elementor-button elementor-button-link elementor-size-sm\" href=\"#\">\n\t\t\t\t\t\t<span class=\"elementor-button-content-wrapper\">\n\t\t\t\t\t\t\t\t\t<span class=\"elementor-button-text\">Skontaktuj si\u0119<\/span>\n\t\t\t\t\t<\/span>\n\t\t\t\t\t<\/a>\n\t\t\t\t\t\t\t\t<\/div>\n\t\t\t\t<div class=\"elementor-element elementor-element-e390a6b elementor-widget__width-auto elementor-align-right elementor-widget elementor-widget-button\" data-id=\"e390a6b\" data-element_type=\"widget\" data-e-type=\"widget\" data-widget_type=\"button.default\">\n\t\t\t\t\t\t\t\t\t\t<a class=\"elementor-button elementor-button-link elementor-size-sm\" href=\"#\">\n\t\t\t\t\t\t<span class=\"elementor-button-content-wrapper\">\n\t\t\t\t\t\t\t\t\t<span class=\"elementor-button-text\">Dowiedz si\u0119 wi\u0119cej<\/span>\n\t\t\t\t\t<\/span>\n\t\t\t\t\t<\/a>\n\t\t\t\t\t\t\t\t<\/div>\n\t\t\t\t\t<\/div>\n\t\t\t\t<\/div>\n\t\t\t\t<\/div>\n\t\t\t\t\t<\/div>\n\t\t\t\t<\/div>\n\t\t<div class=\"elementor-element elementor-element-68ca773 e-flex e-con-boxed e-con e-parent\" data-id=\"68ca773\" data-element_type=\"container\" data-e-type=\"container\" data-settings=\"{&quot;background_background&quot;:&quot;classic&quot;}\">\n\t\t\t\t\t<div class=\"e-con-inner\">\n\t\t<div class=\"elementor-element elementor-element-ca047e2 e-con-full e-flex e-con e-child\" data-id=\"ca047e2\" data-element_type=\"container\" data-e-type=\"container\">\n\t\t\t\t<div class=\"elementor-element elementor-element-eeba2e9 elementor-widget elementor-widget-heading\" data-id=\"eeba2e9\" data-element_type=\"widget\" data-e-type=\"widget\" data-widget_type=\"heading.default\">\n\t\t\t\t\t<h2 class=\"elementor-heading-title elementor-size-default\">Narz\u0119dzia do pomocy zdalnej<\/h2>\t\t\t\t<\/div>\n\t\t\t\t<div class=\"elementor-element elementor-element-74daa8a elementor-widget elementor-widget-text-editor\" data-id=\"74daa8a\" data-element_type=\"widget\" data-e-type=\"widget\" data-widget_type=\"text-editor.default\">\n\t\t\t\t\t\t\t\t\t<p>W naszej ofercie znajdziesz r\u00f3\u017cnorodne narz\u0119dzia do efektywnej pomocy zdalnej. Oto kilka z nich, kt\u00f3re mog\u0105 u\u0142atwi\u0107 codzienn\u0105 prac\u0119 i wsp\u00f3\u0142prac\u0119: RustDesk, TeamViewer i wiele innych. Dzi\u0119ki tym rozwi\u0105zaniom b\u0119dziesz m\u00f3g\u0142 szybko rozwi\u0105zywa\u0107 problemy techniczne, niezale\u017cnie od miejsca, w kt\u00f3rym si\u0119 znajdujesz.<\/p>\t\t\t\t\t\t\t\t<\/div>\n\t\t\t\t<\/div>\n\t\t<div class=\"elementor-element elementor-element-5f41a01 e-con-full e-flex e-con e-child\" data-id=\"5f41a01\" data-element_type=\"container\" data-e-type=\"container\">\n\t\t\t\t<div class=\"elementor-element elementor-element-54cd6c4 elementor-widget elementor-widget-image\" data-id=\"54cd6c4\" data-element_type=\"widget\" data-e-type=\"widget\" data-widget_type=\"image.default\">\n\t\t\t\t\t\t\t\t\t\t\t\t\t\t\t<img fetchpriority=\"high\" decoding=\"async\" width=\"1920\" height=\"1080\" src=\"https:\/\/masterkom.eu\/wp-content\/uploads\/2026\/02\/placeholder-demo-image-marquee-616x400-1.jpg\" class=\"attachment-full size-full wp-image-123\" alt=\"\" srcset=\"https:\/\/masterkom.eu\/wp-content\/uploads\/2026\/02\/placeholder-demo-image-marquee-616x400-1.jpg 1920w, https:\/\/masterkom.eu\/wp-content\/uploads\/2026\/02\/placeholder-demo-image-marquee-616x400-1-300x169.jpg 300w, https:\/\/masterkom.eu\/wp-content\/uploads\/2026\/02\/placeholder-demo-image-marquee-616x400-1-1024x576.jpg 1024w, https:\/\/masterkom.eu\/wp-content\/uploads\/2026\/02\/placeholder-demo-image-marquee-616x400-1-768x432.jpg 768w, https:\/\/masterkom.eu\/wp-content\/uploads\/2026\/02\/placeholder-demo-image-marquee-616x400-1-1536x864.jpg 1536w\" sizes=\"(max-width: 1920px) 100vw, 1920px\" \/>\t\t\t\t\t\t\t\t\t\t\t\t\t\t\t<\/div>\n\t\t\t\t<\/div>\n\t\t\t\t\t<\/div>\n\t\t\t\t<\/div>\n\t\t<div class=\"elementor-element elementor-element-de03d44 e-con-full e-flex e-con e-parent\" data-id=\"de03d44\" data-element_type=\"container\" data-e-type=\"container\">\n\t\t<div class=\"elementor-element elementor-element-d01937b e-con-full e-flex e-con e-child\" data-id=\"d01937b\" data-element_type=\"container\" data-e-type=\"container\">\n\t\t\t\t<div class=\"elementor-element elementor-element-7c4b24e elementor-cta--skin-classic elementor-animated-content elementor-bg-transform elementor-bg-transform-zoom-in elementor-widget elementor-widget-call-to-action\" data-id=\"7c4b24e\" data-element_type=\"widget\" data-e-type=\"widget\" data-widget_type=\"call-to-action.default\">\n\t\t\t\t\t\t\t<div class=\"elementor-cta\">\n\t\t\t\t\t<div class=\"elementor-cta__bg-wrapper\">\n\t\t\t\t<div class=\"elementor-cta__bg elementor-bg\" style=\"background-image: url(https:\/\/masterkom.eu\/wp-content\/uploads\/2026\/02\/wireframe-img-1-e1708013680578.png);\" role=\"img\" aria-label=\"wireframe-img-1-e1708013680578.png\"><\/div>\n\t\t\t\t<div class=\"elementor-cta__bg-overlay\"><\/div>\n\t\t\t<\/div>\n\t\t\t\t\t\t\t\t<\/div>\n\t\t\t\t\t\t<\/div>\n\t\t\t\t<\/div>\n\t\t<div class=\"elementor-element elementor-element-8c69c24 e-con-full e-flex e-con e-child\" data-id=\"8c69c24\" data-element_type=\"container\" data-e-type=\"container\" data-settings=\"{&quot;background_background&quot;:&quot;classic&quot;}\">\n\t\t\t\t<div class=\"elementor-element elementor-element-ca59447 elementor-widget elementor-widget-heading\" data-id=\"ca59447\" data-element_type=\"widget\" data-e-type=\"widget\" data-widget_type=\"heading.default\">\n\t\t\t\t\t<h2 class=\"elementor-heading-title elementor-size-default\">Rozpocznij wsp\u00f3\u0142prac\u0119 z nami ju\u017c dzi\u015b!<\/h2>\t\t\t\t<\/div>\n\t\t\t\t<div class=\"elementor-element elementor-element-a7962cb elementor-widget__width-auto elementor-widget elementor-widget-button\" data-id=\"a7962cb\" data-element_type=\"widget\" data-e-type=\"widget\" data-widget_type=\"button.default\">\n\t\t\t\t\t\t\t\t\t\t<a class=\"elementor-button elementor-button-link elementor-size-sm\" href=\"#\">\n\t\t\t\t\t\t<span class=\"elementor-button-content-wrapper\">\n\t\t\t\t\t\t\t\t\t<span class=\"elementor-button-text\">Skontaktuj si\u0119!<\/span>\n\t\t\t\t\t<\/span>\n\t\t\t\t\t<\/a>\n\t\t\t\t\t\t\t\t<\/div>\n\t\t\t\t<\/div>\n\t\t\t\t<\/div>\n\t\t\t\t<\/div>\n\t\t","protected":false},"excerpt":{"rendered":"<p>Witaj w \u015bwiecie IT Nowoczesne rozwi\u0105zania dla Ciebie Oferujemy wsparcie w zakresie IT, kt\u00f3re u\u0142atwi Ci codzienne wyzwania. Nasze dostosowane rozwi\u0105zania technologiczne pomog\u0105 Ci oszcz\u0119dzi\u0107 czas i zwi\u0119kszy\u0107 efektywno\u015b\u0107. Zaufaj naszym specjalistom i odkryj, jak mo\u017cemy wspiera\u0107 Tw\u00f3j rozw\u00f3j! Skontaktuj si\u0119 Dowiedz si\u0119 wi\u0119cej Narz\u0119dzia do pomocy zdalnej W naszej ofercie znajdziesz r\u00f3\u017cnorodne narz\u0119dzia do [&hellip;]<\/p>\n","protected":false},"author":1,"featured_media":0,"parent":0,"menu_order":0,"comment_status":"closed","ping_status":"closed","template":"elementor_header_footer","meta":{"_monsterinsights_skip_tracking":false,"_monsterinsights_sitenote_active":false,"_monsterinsights_sitenote_note":"","_monsterinsights_sitenote_category":0,"footnotes":""},"class_list":["post-115","page","type-page","status-publish","hentry"],"aioseo_notices":[],"_links":{"self":[{"href":"https:\/\/masterkom.eu\/index.php?rest_route=\/wp\/v2\/pages\/115","targetHints":{"allow":["GET"]}}],"collection":[{"href":"https:\/\/masterkom.eu\/index.php?rest_route=\/wp\/v2\/pages"}],"about":[{"href":"https:\/\/masterkom.eu\/index.php?rest_route=\/wp\/v2\/types\/page"}],"author":[{"embeddable":true,"href":"https:\/\/masterkom.eu\/index.php?rest_route=\/wp\/v2\/users\/1"}],"replies":[{"embeddable":true,"href":"https:\/\/masterkom.eu\/index.php?rest_route=%2Fwp%2Fv2%2Fcomments&post=115"}],"version-history":[{"count":4,"href":"https:\/\/masterkom.eu\/index.php?rest_route=\/wp\/v2\/pages\/115\/revisions"}],"predecessor-version":[{"id":170,"href":"https:\/\/masterkom.eu\/index.php?rest_route=\/wp\/v2\/pages\/115\/revisions\/170"}],"wp:attachment":[{"href":"https:\/\/masterkom.eu\/index.php?rest_route=%2Fwp%2Fv2%2Fmedia&parent=115"}],"curies":[{"name":"wp","href":"https:\/\/api.w.org\/{rel}","templated":true}]}}